{"id":3144,"date":"2025-01-30T10:13:29","date_gmt":"2025-01-30T09:13:29","guid":{"rendered":"https:\/\/bioplace.biz\/condicions-dus\/"},"modified":"2025-06-02T12:34:34","modified_gmt":"2025-06-02T10:34:34","slug":"condicions-dus","status":"publish","type":"page","link":"https:\/\/staging.bioplace.biz\/ca\/condicions-dus\/","title":{"rendered":"Condicions d&#8217;\u00fas"},"content":{"rendered":"\t\t<div data-elementor-type=\"wp-page\" data-elementor-id=\"3144\" class=\"elementor elementor-3144 elementor-1929\" data-elementor-post-type=\"page\">\n\t\t\t\t<div class=\"elementor-element elementor-element-895ec2c e-flex e-con-boxed e-con e-parent\" data-id=\"895ec2c\" data-element_type=\"container\" data-e-type=\"container\">\n\t\t\t\t\t<div class=\"e-con-inner\">\n\t\t\t\t<div class=\"elementor-element elementor-element-f8420cf elementor-widget elementor-widget-heading\" data-id=\"f8420cf\" data-element_type=\"widget\" data-e-type=\"widget\" data-widget_type=\"heading.default\">\n\t\t\t\t<div class=\"elementor-widget-container\">\n\t\t\t\t\t<h1 class=\"elementor-heading-title elementor-size-default\">TERMES D'\u00daS<\/h1>\t\t\t\t<\/div>\n\t\t\t\t<\/div>\n\t\t\t\t\t<\/div>\n\t\t\t\t<\/div>\n\t\t<div class=\"elementor-element elementor-element-39add6d e-flex e-con-boxed elementor-invisible e-con e-parent\" data-id=\"39add6d\" data-element_type=\"container\" data-e-type=\"container\" data-settings=\"{&quot;animation&quot;:&quot;fadeInLeft&quot;}\">\n\t\t\t\t\t<div class=\"e-con-inner\">\n\t\t\t\t<div class=\"elementor-element elementor-element-6258594 elementor-widget elementor-widget-heading\" data-id=\"6258594\" data-element_type=\"widget\" data-e-type=\"widget\" data-widget_type=\"heading.default\">\n\t\t\t\t<div class=\"elementor-widget-container\">\n\t\t\t\t\t<h3 class=\"elementor-heading-title elementor-size-default\">1. Introducci\u00f3<\/h3>\t\t\t\t<\/div>\n\t\t\t\t<\/div>\n\t\t\t\t<div class=\"elementor-element elementor-element-6c83006 elementor-widget elementor-widget-text-editor\" data-id=\"6c83006\" data-element_type=\"widget\" data-e-type=\"widget\" data-widget_type=\"text-editor.default\">\n\t\t\t\t<div class=\"elementor-widget-container\">\n\t\t\t\t\t\t\t\t\t<p>Aquests termes i condicions (\u201cTermes\u201d) regeixen l&#8217;acc\u00e9s i l&#8217;\u00fas dels serveis proporcionats per Bioplace , que inclouen tots els productes, serveis i contingut disponibles al nostre lloc web o aplicacions m\u00f2bils (col\u00b7lectivament, els \u201cServeis\u201d). En utilitzar els nostres Serveis, vost\u00e8 accepta complir aquests Termes i Condicions. <\/p>\t\t\t\t\t\t\t\t<\/div>\n\t\t\t\t<\/div>\n\t\t\t\t\t<\/div>\n\t\t\t\t<\/div>\n\t\t<div class=\"elementor-element elementor-element-cc25096 e-flex e-con-boxed elementor-invisible e-con e-parent\" data-id=\"cc25096\" data-element_type=\"container\" data-e-type=\"container\" data-settings=\"{&quot;animation&quot;:&quot;fadeInLeft&quot;}\">\n\t\t\t\t\t<div class=\"e-con-inner\">\n\t\t\t\t<div class=\"elementor-element elementor-element-3c44b8b elementor-widget elementor-widget-heading\" data-id=\"3c44b8b\" data-element_type=\"widget\" data-e-type=\"widget\" data-widget_type=\"heading.default\">\n\t\t\t\t<div class=\"elementor-widget-container\">\n\t\t\t\t\t<h3 class=\"elementor-heading-title elementor-size-default\">2. \u00das dels Serveis<\/h3>\t\t\t\t<\/div>\n\t\t\t\t<\/div>\n\t\t\t\t<div class=\"elementor-element elementor-element-365f718 elementor-widget elementor-widget-text-editor\" data-id=\"365f718\" data-element_type=\"widget\" data-e-type=\"widget\" data-widget_type=\"text-editor.default\">\n\t\t\t\t<div class=\"elementor-widget-container\">\n\t\t\t\t\t\t\t\t\t<p>Bioplace us concedeix una llic\u00e8ncia limitada, no exclusiva, no transferible i revocable per utilitzar els nostres Serveis d&#8217;acord amb aquestes Condicions. No podeu utilitzar els Serveis amb finalitats il\u00b7legals o no autoritzades. <\/p>\t\t\t\t\t\t\t\t<\/div>\n\t\t\t\t<\/div>\n\t\t\t\t\t<\/div>\n\t\t\t\t<\/div>\n\t\t<div class=\"elementor-element elementor-element-5a9c9ae e-flex e-con-boxed elementor-invisible e-con e-parent\" data-id=\"5a9c9ae\" data-element_type=\"container\" data-e-type=\"container\" data-settings=\"{&quot;animation&quot;:&quot;fadeInLeft&quot;}\">\n\t\t\t\t\t<div class=\"e-con-inner\">\n\t\t\t\t<div class=\"elementor-element elementor-element-130ecd6 elementor-widget elementor-widget-heading\" data-id=\"130ecd6\" data-element_type=\"widget\" data-e-type=\"widget\" data-widget_type=\"heading.default\">\n\t\t\t\t<div class=\"elementor-widget-container\">\n\t\t\t\t\t<h3 class=\"elementor-heading-title elementor-size-default\">3. Modificacions dels Serveis<\/h3>\t\t\t\t<\/div>\n\t\t\t\t<\/div>\n\t\t\t\t<div class=\"elementor-element elementor-element-136082b elementor-widget elementor-widget-text-editor\" data-id=\"136082b\" data-element_type=\"widget\" data-e-type=\"widget\" data-widget_type=\"text-editor.default\">\n\t\t\t\t<div class=\"elementor-widget-container\">\n\t\t\t\t\t\t\t\t\tEns reservem el dret de modificar, actualitzar, suspendre o interrompre els nostres Serveis en qualsevol moment sense previ av\u00eds. No serem responsables davant vost\u00e8 o cap tercer d&#8217;aquestes modificacions. \t\t\t\t\t\t\t\t<\/div>\n\t\t\t\t<\/div>\n\t\t\t\t\t<\/div>\n\t\t\t\t<\/div>\n\t\t<div class=\"elementor-element elementor-element-21e8a41 e-flex e-con-boxed elementor-invisible e-con e-parent\" data-id=\"21e8a41\" data-element_type=\"container\" data-e-type=\"container\" data-settings=\"{&quot;animation&quot;:&quot;fadeInLeft&quot;}\">\n\t\t\t\t\t<div class=\"e-con-inner\">\n\t\t\t\t<div class=\"elementor-element elementor-element-34e3d78 elementor-widget elementor-widget-heading\" data-id=\"34e3d78\" data-element_type=\"widget\" data-e-type=\"widget\" data-widget_type=\"heading.default\">\n\t\t\t\t<div class=\"elementor-widget-container\">\n\t\t\t\t\t<h3 class=\"elementor-heading-title elementor-size-default\">4. Restriccions<\/h3>\t\t\t\t<\/div>\n\t\t\t\t<\/div>\n\t\t\t\t<div class=\"elementor-element elementor-element-826ba52 elementor-widget elementor-widget-text-editor\" data-id=\"826ba52\" data-element_type=\"widget\" data-e-type=\"widget\" data-widget_type=\"text-editor.default\">\n\t\t\t\t<div class=\"elementor-widget-container\">\n\t\t\t\t\t\t\t\t\t<p>Vost\u00e8 accepta no:<\/p>\t\t\t\t\t\t\t\t<\/div>\n\t\t\t\t<\/div>\n\t\t\t\t<div class=\"elementor-element elementor-element-218e0f2 elementor-tablet-align-center elementor-icon-list--layout-traditional elementor-list-item-link-full_width elementor-widget elementor-widget-icon-list\" data-id=\"218e0f2\" data-element_type=\"widget\" data-e-type=\"widget\" data-settings=\"{&quot;_animation&quot;:&quot;none&quot;}\" data-widget_type=\"icon-list.default\">\n\t\t\t\t<div class=\"elementor-widget-container\">\n\t\t\t\t\t\t\t<ul class=\"elementor-icon-list-items\">\n\t\t\t\t\t\t\t<li class=\"elementor-icon-list-item\">\n\t\t\t\t\t\t\t\t\t\t\t<span class=\"elementor-icon-list-icon\">\n\t\t\t\t\t\t\t<svg aria-hidden=\"true\" class=\"e-font-icon-svg e-fas-circle\" viewBox=\"0 0 512 512\" xmlns=\"http:\/\/www.w3.org\/2000\/svg\"><path d=\"M256 8C119 8 8 119 8 256s111 248 248 248 248-111 248-248S393 8 256 8z\"><\/path><\/svg>\t\t\t\t\t\t<\/span>\n\t\t\t\t\t\t\t\t\t\t<span class=\"elementor-icon-list-text\">utilitzar els Serveis d'una manera que infringeixi la legislaci\u00f3 aplicable<\/span>\n\t\t\t\t\t\t\t\t\t<\/li>\n\t\t\t\t\t\t\t\t<li class=\"elementor-icon-list-item\">\n\t\t\t\t\t\t\t\t\t\t\t<span class=\"elementor-icon-list-icon\">\n\t\t\t\t\t\t\t<svg aria-hidden=\"true\" class=\"e-font-icon-svg e-fas-circle\" viewBox=\"0 0 512 512\" xmlns=\"http:\/\/www.w3.org\/2000\/svg\"><path d=\"M256 8C119 8 8 119 8 256s111 248 248 248 248-111 248-248S393 8 256 8z\"><\/path><\/svg>\t\t\t\t\t\t<\/span>\n\t\t\t\t\t\t\t\t\t\t<span class=\"elementor-icon-list-text\">utilitzar els Serveis d'una manera que perjudiqui la reputaci\u00f3 de Bioplace<\/span>\n\t\t\t\t\t\t\t\t\t<\/li>\n\t\t\t\t\t\t\t\t<li class=\"elementor-icon-list-item\">\n\t\t\t\t\t\t\t\t\t\t\t<span class=\"elementor-icon-list-icon\">\n\t\t\t\t\t\t\t<svg aria-hidden=\"true\" class=\"e-font-icon-svg e-fas-circle\" viewBox=\"0 0 512 512\" xmlns=\"http:\/\/www.w3.org\/2000\/svg\"><path d=\"M256 8C119 8 8 119 8 256s111 248 248 248 248-111 248-248S393 8 256 8z\"><\/path><\/svg>\t\t\t\t\t\t<\/span>\n\t\t\t\t\t\t\t\t\t\t<span class=\"elementor-icon-list-text\">distribuir virus, programari malici\u00f3s o contingut que pertorbi l'\u00fas normal dels Serveis.<\/span>\n\t\t\t\t\t\t\t\t\t<\/li>\n\t\t\t\t\t\t<\/ul>\n\t\t\t\t\t\t<\/div>\n\t\t\t\t<\/div>\n\t\t\t\t\t<\/div>\n\t\t\t\t<\/div>\n\t\t<div class=\"elementor-element elementor-element-5793e20 e-flex e-con-boxed elementor-invisible e-con e-parent\" data-id=\"5793e20\" data-element_type=\"container\" data-e-type=\"container\" data-settings=\"{&quot;animation&quot;:&quot;fadeInLeft&quot;}\">\n\t\t\t\t\t<div class=\"e-con-inner\">\n\t\t\t\t<div class=\"elementor-element elementor-element-a9c4408 elementor-widget elementor-widget-heading\" data-id=\"a9c4408\" data-element_type=\"widget\" data-e-type=\"widget\" data-widget_type=\"heading.default\">\n\t\t\t\t<div class=\"elementor-widget-container\">\n\t\t\t\t\t<h3 class=\"elementor-heading-title elementor-size-default\">5. Propietat intel\u00b7lectual<\/h3>\t\t\t\t<\/div>\n\t\t\t\t<\/div>\n\t\t\t\t<div class=\"elementor-element elementor-element-fa23160 elementor-widget elementor-widget-text-editor\" data-id=\"fa23160\" data-element_type=\"widget\" data-e-type=\"widget\" data-widget_type=\"text-editor.default\">\n\t\t\t\t<div class=\"elementor-widget-container\">\n\t\t\t\t\t\t\t\t\t<p>El contingut proporcionat a trav\u00e9s dels Serveis, incloent-hi text, gr\u00e0fics, logotips, imatges, v\u00eddeos i programari, est\u00e0 protegit per drets d&#8217;autor i altres lleis de propietat intel\u00b7lectual. No podeu copiar, reproduir, distribuir o modificar aquest contingut sense el perm\u00eds expl\u00edcit de Bioplace . <\/p>\t\t\t\t\t\t\t\t<\/div>\n\t\t\t\t<\/div>\n\t\t\t\t\t<\/div>\n\t\t\t\t<\/div>\n\t\t<div class=\"elementor-element elementor-element-9824b73 e-flex e-con-boxed elementor-invisible e-con e-parent\" data-id=\"9824b73\" data-element_type=\"container\" data-e-type=\"container\" data-settings=\"{&quot;animation&quot;:&quot;fadeInLeft&quot;}\">\n\t\t\t\t\t<div class=\"e-con-inner\">\n\t\t\t\t<div class=\"elementor-element elementor-element-4c2f2ea elementor-widget elementor-widget-heading\" data-id=\"4c2f2ea\" data-element_type=\"widget\" data-e-type=\"widget\" data-widget_type=\"heading.default\">\n\t\t\t\t<div class=\"elementor-widget-container\">\n\t\t\t\t\t<h3 class=\"elementor-heading-title elementor-size-default\">6. Limitaci\u00f3 de responsabilitat<\/h3>\t\t\t\t<\/div>\n\t\t\t\t<\/div>\n\t\t\t\t<div class=\"elementor-element elementor-element-72f4854 elementor-widget elementor-widget-text-editor\" data-id=\"72f4854\" data-element_type=\"widget\" data-e-type=\"widget\" data-widget_type=\"text-editor.default\">\n\t\t\t\t<div class=\"elementor-widget-container\">\n\t\t\t\t\t\t\t\t\t<p>Els nostres Serveis es proporcionen \u201ctal qual\u201d i \u201csegons disponibilitat\u201d. No garantim que els Serveis estiguin lliures d&#8217;errors, siguin segurs o disponibles en tot moment. En cap cas Bioplace ser\u00e0 responsable dels danys directes, indirectes, incidentals, especials o punitius derivats de l&#8217;\u00fas dels Serveis.  <\/p>\t\t\t\t\t\t\t\t<\/div>\n\t\t\t\t<\/div>\n\t\t\t\t\t<\/div>\n\t\t\t\t<\/div>\n\t\t<div class=\"elementor-element elementor-element-2f67b7c e-flex e-con-boxed elementor-invisible e-con e-parent\" data-id=\"2f67b7c\" data-element_type=\"container\" data-e-type=\"container\" data-settings=\"{&quot;animation&quot;:&quot;fadeInLeft&quot;}\">\n\t\t\t\t\t<div class=\"e-con-inner\">\n\t\t\t\t<div class=\"elementor-element elementor-element-07bf05a elementor-widget elementor-widget-heading\" data-id=\"07bf05a\" data-element_type=\"widget\" data-e-type=\"widget\" data-widget_type=\"heading.default\">\n\t\t\t\t<div class=\"elementor-widget-container\">\n\t\t\t\t\t<h3 class=\"elementor-heading-title elementor-size-default\">7. Exempci\u00f3 de responsabilitat<\/h3>\t\t\t\t<\/div>\n\t\t\t\t<\/div>\n\t\t\t\t<div class=\"elementor-element elementor-element-2f05880 elementor-widget elementor-widget-text-editor\" data-id=\"2f05880\" data-element_type=\"widget\" data-e-type=\"widget\" data-widget_type=\"text-editor.default\">\n\t\t\t\t<div class=\"elementor-widget-container\">\n\t\t\t\t\t\t\t\t\t<p>Bioplace no garanteix que els Serveis estiguin lliures de virus o altres elements nocius. L&#8217;\u00fas dels nostres Serveis \u00e9s responsabilitat vostra. Algunes jurisdiccions poden no permetre certes limitacions, per la qual cosa aquesta limitaci\u00f3 pot no aplicar-se al vostre cas.  <\/p>\t\t\t\t\t\t\t\t<\/div>\n\t\t\t\t<\/div>\n\t\t\t\t\t<\/div>\n\t\t\t\t<\/div>\n\t\t<div class=\"elementor-element elementor-element-a5ff2de e-flex e-con-boxed elementor-invisible e-con e-parent\" data-id=\"a5ff2de\" data-element_type=\"container\" data-e-type=\"container\" data-settings=\"{&quot;animation&quot;:&quot;fadeInLeft&quot;}\">\n\t\t\t\t\t<div class=\"e-con-inner\">\n\t\t\t\t<div class=\"elementor-element elementor-element-92ea16a elementor-widget elementor-widget-heading\" data-id=\"92ea16a\" data-element_type=\"widget\" data-e-type=\"widget\" data-widget_type=\"heading.default\">\n\t\t\t\t<div class=\"elementor-widget-container\">\n\t\t\t\t\t<h3 class=\"elementor-heading-title elementor-size-default\">8. Indemnitzaci\u00f3<\/h3>\t\t\t\t<\/div>\n\t\t\t\t<\/div>\n\t\t\t\t<div class=\"elementor-element elementor-element-be5d571 elementor-widget elementor-widget-text-editor\" data-id=\"be5d571\" data-element_type=\"widget\" data-e-type=\"widget\" data-widget_type=\"text-editor.default\">\n\t\t\t\t<div class=\"elementor-widget-container\">\n\t\t\t\t\t\t\t\t\tSi sorgeix alguna reclamaci\u00f3 o acci\u00f3 legal a causa del vostre \u00fas dels Serveis, accepteu indemnitzar i eximir de responsabilitat Bioplace , els seus empleats, agents, directors i afiliats de qualsevol responsabilitat, dany o despesa (inclosos els honoraris legals) derivats de l&#8217;incompliment d&#8217;aquestes Condicions.\t\t\t\t\t\t\t\t<\/div>\n\t\t\t\t<\/div>\n\t\t\t\t\t<\/div>\n\t\t\t\t<\/div>\n\t\t<div class=\"elementor-element elementor-element-1a62659 e-flex e-con-boxed elementor-invisible e-con e-parent\" data-id=\"1a62659\" data-element_type=\"container\" data-e-type=\"container\" data-settings=\"{&quot;animation&quot;:&quot;fadeInLeft&quot;}\">\n\t\t\t\t\t<div class=\"e-con-inner\">\n\t\t\t\t<div class=\"elementor-element elementor-element-ebcf5b3 elementor-widget elementor-widget-heading\" data-id=\"ebcf5b3\" data-element_type=\"widget\" data-e-type=\"widget\" data-widget_type=\"heading.default\">\n\t\t\t\t<div class=\"elementor-widget-container\">\n\t\t\t\t\t<h3 class=\"elementor-heading-title elementor-size-default\">9. Resoluci\u00f3 de controv\u00e8rsies<\/h3>\t\t\t\t<\/div>\n\t\t\t\t<\/div>\n\t\t\t\t<div class=\"elementor-element elementor-element-99a922d elementor-widget elementor-widget-text-editor\" data-id=\"99a922d\" data-element_type=\"widget\" data-e-type=\"widget\" data-widget_type=\"text-editor.default\">\n\t\t\t\t<div class=\"elementor-widget-container\">\n\t\t\t\t\t\t\t\t\t<p>Si teniu cap controv\u00e8rsia amb Bioplace , us animem a intentar resoldre-la directament amb nosaltres mitjan\u00e7ant un contacte directe. Si no es pot resoldre, qualsevol controv\u00e8rsia es resoldr\u00e0 mitjan\u00e7ant arbitratge vinculant. L&#8217;arbitratge es dur\u00e0 a terme d&#8217;acord amb les normes de la instituci\u00f3 d&#8217;arbitratge seleccionada per Bioplace .  <\/p>\t\t\t\t\t\t\t\t<\/div>\n\t\t\t\t<\/div>\n\t\t\t\t\t<\/div>\n\t\t\t\t<\/div>\n\t\t<div class=\"elementor-element elementor-element-773fad9 e-flex e-con-boxed elementor-invisible e-con e-parent\" data-id=\"773fad9\" data-element_type=\"container\" data-e-type=\"container\" data-settings=\"{&quot;animation&quot;:&quot;fadeInLeft&quot;}\">\n\t\t\t\t\t<div class=\"e-con-inner\">\n\t\t\t\t<div class=\"elementor-element elementor-element-57aa500 elementor-widget elementor-widget-heading\" data-id=\"57aa500\" data-element_type=\"widget\" data-e-type=\"widget\" data-widget_type=\"heading.default\">\n\t\t\t\t<div class=\"elementor-widget-container\">\n\t\t\t\t\t<h3 class=\"elementor-heading-title elementor-size-default\">10. Jurisdicci\u00f3<\/h3>\t\t\t\t<\/div>\n\t\t\t\t<\/div>\n\t\t\t\t<div class=\"elementor-element elementor-element-63b9128 elementor-widget elementor-widget-text-editor\" data-id=\"63b9128\" data-element_type=\"widget\" data-e-type=\"widget\" data-widget_type=\"text-editor.default\">\n\t\t\t\t<div class=\"elementor-widget-container\">\n\t\t\t\t\t\t\t\t\t<p>Aquestes Condicions es regiran per les lleis de [pa\u00eds o estat on es troba Bioplace ], i qualsevol controv\u00e8rsia que no es resolgui mitjan\u00e7ant arbitratge se sotmetr\u00e0 als tribunals competents d&#8217;aquesta jurisdicci\u00f3.<\/p>\t\t\t\t\t\t\t\t<\/div>\n\t\t\t\t<\/div>\n\t\t\t\t\t<\/div>\n\t\t\t\t<\/div>\n\t\t<div class=\"elementor-element elementor-element-f80c5e2 e-flex e-con-boxed elementor-invisible e-con e-parent\" data-id=\"f80c5e2\" data-element_type=\"container\" data-e-type=\"container\" data-settings=\"{&quot;animation&quot;:&quot;fadeInLeft&quot;}\">\n\t\t\t\t\t<div class=\"e-con-inner\">\n\t\t\t\t<div class=\"elementor-element elementor-element-feea073 elementor-widget elementor-widget-heading\" data-id=\"feea073\" data-element_type=\"widget\" data-e-type=\"widget\" data-widget_type=\"heading.default\">\n\t\t\t\t<div class=\"elementor-widget-container\">\n\t\t\t\t\t<h3 class=\"elementor-heading-title elementor-size-default\">11. Canvis a les Condicions<\/h3>\t\t\t\t<\/div>\n\t\t\t\t<\/div>\n\t\t\t\t<div class=\"elementor-element elementor-element-44c6a68 elementor-widget elementor-widget-text-editor\" data-id=\"44c6a68\" data-element_type=\"widget\" data-e-type=\"widget\" data-widget_type=\"text-editor.default\">\n\t\t\t\t<div class=\"elementor-widget-container\">\n\t\t\t\t\t\t\t\t\t<p>Bioplace es reserva el dret de modificar aquestes Condicions en qualsevol moment. Les modificacions es publicaran al lloc web o s&#8217;enviaran per correu electr\u00f2nic i tindran efecte immediatament. L&#8217;\u00fas continuat dels Serveis despr\u00e9s de la modificaci\u00f3 d&#8217;aquestes Condicions implica l&#8217;acceptaci\u00f3 d&#8217;aquests canvis.  <\/p>\t\t\t\t\t\t\t\t<\/div>\n\t\t\t\t<\/div>\n\t\t\t\t\t<\/div>\n\t\t\t\t<\/div>\n\t\t\t\t<\/div>\n\t\t","protected":false},"excerpt":{"rendered":"<p>TERMES D&#8217;\u00daS 1. Introducci\u00f3 Aquests termes i condicions (\u201cTermes\u201d) regeixen l&#8217;acc\u00e9s i l&#8217;\u00fas dels serveis proporcionats per Bioplace , que inclouen tots els productes, serveis i contingut disponibles al nostre lloc web o aplicacions m\u00f2bils (col\u00b7lectivament, els \u201cServeis\u201d). En utilitzar els nostres Serveis, vost\u00e8 accepta complir aquests Termes i Condicions. 2. \u00das dels Serveis Bioplace [&hellip;]<\/p>\n","protected":false},"author":1,"featured_media":0,"parent":0,"menu_order":0,"comment_status":"closed","ping_status":"closed","template":"elementor_header_footer","meta":{"_acf_changed":false,"footnotes":""},"class_list":["post-3144","page","type-page","status-publish","hentry"],"acf":[],"yoast_head":"<!-- This site is optimized with the Yoast SEO plugin v27.4 - https:\/\/yoast.com\/product\/yoast-seo-wordpress\/ -->\n<title>Condicions d&#039;\u00fas - BioPlace<\/title>\n<meta name=\"robots\" content=\"noindex, follow, max-snippet:-1, max-image-preview:large, max-video-preview:-1\" \/>\n<meta property=\"og:locale\" content=\"ca_ES\" \/>\n<meta property=\"og:type\" content=\"article\" \/>\n<meta property=\"og:title\" content=\"Condicions d&#039;\u00fas - BioPlace\" \/>\n<meta property=\"og:description\" content=\"TERMES D&#8217;\u00daS 1. Introducci\u00f3 Aquests termes i condicions (\u201cTermes\u201d) regeixen l&#8217;acc\u00e9s i l&#8217;\u00fas dels serveis proporcionats per Bioplace , que inclouen tots els productes, serveis i contingut disponibles al nostre lloc web o aplicacions m\u00f2bils (col\u00b7lectivament, els \u201cServeis\u201d). En utilitzar els nostres Serveis, vost\u00e8 accepta complir aquests Termes i Condicions. 2. \u00das dels Serveis Bioplace [&hellip;]\" \/>\n<meta property=\"og:url\" content=\"https:\/\/staging.bioplace.biz\/ca\/condicions-dus\/\" \/>\n<meta property=\"og:site_name\" content=\"BioPlace\" \/>\n<meta property=\"article:modified_time\" content=\"2025-06-02T10:34:34+00:00\" \/>\n<meta name=\"twitter:card\" content=\"summary_large_image\" \/>\n<meta name=\"twitter:label1\" content=\"Temps estimat de lectura\" \/>\n\t<meta name=\"twitter:data1\" content=\"2 minuts\" \/>\n<script type=\"application\/ld+json\" class=\"yoast-schema-graph\">{\"@context\":\"https:\\\/\\\/schema.org\",\"@graph\":[{\"@type\":\"WebPage\",\"@id\":\"https:\\\/\\\/staging.bioplace.biz\\\/ca\\\/condicions-dus\\\/\",\"url\":\"https:\\\/\\\/staging.bioplace.biz\\\/ca\\\/condicions-dus\\\/\",\"name\":\"Condicions d'\u00fas - BioPlace\",\"isPartOf\":{\"@id\":\"https:\\\/\\\/staging.bioplace.biz\\\/ca\\\/#website\"},\"datePublished\":\"2025-01-30T09:13:29+00:00\",\"dateModified\":\"2025-06-02T10:34:34+00:00\",\"breadcrumb\":{\"@id\":\"https:\\\/\\\/staging.bioplace.biz\\\/ca\\\/condicions-dus\\\/#breadcrumb\"},\"inLanguage\":\"ca\",\"potentialAction\":[{\"@type\":\"ReadAction\",\"target\":[\"https:\\\/\\\/staging.bioplace.biz\\\/ca\\\/condicions-dus\\\/\"]}]},{\"@type\":\"BreadcrumbList\",\"@id\":\"https:\\\/\\\/staging.bioplace.biz\\\/ca\\\/condicions-dus\\\/#breadcrumb\",\"itemListElement\":[{\"@type\":\"ListItem\",\"position\":1,\"name\":\"Casa\",\"item\":\"https:\\\/\\\/staging.bioplace.biz\\\/ca\\\/\"},{\"@type\":\"ListItem\",\"position\":2,\"name\":\"Condicions d&#8217;\u00fas\"}]},{\"@type\":\"WebSite\",\"@id\":\"https:\\\/\\\/staging.bioplace.biz\\\/ca\\\/#website\",\"url\":\"https:\\\/\\\/staging.bioplace.biz\\\/ca\\\/\",\"name\":\"BioPlace\",\"description\":\"Bioenergy Products\u00a0Marketplace\",\"publisher\":{\"@id\":\"https:\\\/\\\/staging.bioplace.biz\\\/ca\\\/#organization\"},\"potentialAction\":[{\"@type\":\"SearchAction\",\"target\":{\"@type\":\"EntryPoint\",\"urlTemplate\":\"https:\\\/\\\/staging.bioplace.biz\\\/ca\\\/?s={search_term_string}\"},\"query-input\":{\"@type\":\"PropertyValueSpecification\",\"valueRequired\":true,\"valueName\":\"search_term_string\"}}],\"inLanguage\":\"ca\"},{\"@type\":\"Organization\",\"@id\":\"https:\\\/\\\/staging.bioplace.biz\\\/ca\\\/#organization\",\"name\":\"BioPlace\",\"url\":\"https:\\\/\\\/staging.bioplace.biz\\\/ca\\\/\",\"logo\":{\"@type\":\"ImageObject\",\"inLanguage\":\"ca\",\"@id\":\"https:\\\/\\\/staging.bioplace.biz\\\/ca\\\/#\\\/schema\\\/logo\\\/image\\\/\",\"url\":\"https:\\\/\\\/staging.bioplace.biz\\\/wp-content\\\/uploads\\\/2024\\\/09\\\/Logo-Biohome_1.webp\",\"contentUrl\":\"https:\\\/\\\/staging.bioplace.biz\\\/wp-content\\\/uploads\\\/2024\\\/09\\\/Logo-Biohome_1.webp\",\"width\":435,\"height\":60,\"caption\":\"BioPlace\"},\"image\":{\"@id\":\"https:\\\/\\\/staging.bioplace.biz\\\/ca\\\/#\\\/schema\\\/logo\\\/image\\\/\"}}]}<\/script>\n<!-- \/ Yoast SEO plugin. -->","yoast_head_json":{"title":"Condicions d'\u00fas - BioPlace","robots":{"index":"noindex","follow":"follow","max-snippet":"max-snippet:-1","max-image-preview":"max-image-preview:large","max-video-preview":"max-video-preview:-1"},"og_locale":"ca_ES","og_type":"article","og_title":"Condicions d'\u00fas - BioPlace","og_description":"TERMES D&#8217;\u00daS 1. Introducci\u00f3 Aquests termes i condicions (\u201cTermes\u201d) regeixen l&#8217;acc\u00e9s i l&#8217;\u00fas dels serveis proporcionats per Bioplace , que inclouen tots els productes, serveis i contingut disponibles al nostre lloc web o aplicacions m\u00f2bils (col\u00b7lectivament, els \u201cServeis\u201d). En utilitzar els nostres Serveis, vost\u00e8 accepta complir aquests Termes i Condicions. 2. \u00das dels Serveis Bioplace [&hellip;]","og_url":"https:\/\/staging.bioplace.biz\/ca\/condicions-dus\/","og_site_name":"BioPlace","article_modified_time":"2025-06-02T10:34:34+00:00","twitter_card":"summary_large_image","twitter_misc":{"Temps estimat de lectura":"2 minuts"},"schema":{"@context":"https:\/\/schema.org","@graph":[{"@type":"WebPage","@id":"https:\/\/staging.bioplace.biz\/ca\/condicions-dus\/","url":"https:\/\/staging.bioplace.biz\/ca\/condicions-dus\/","name":"Condicions d'\u00fas - BioPlace","isPartOf":{"@id":"https:\/\/staging.bioplace.biz\/ca\/#website"},"datePublished":"2025-01-30T09:13:29+00:00","dateModified":"2025-06-02T10:34:34+00:00","breadcrumb":{"@id":"https:\/\/staging.bioplace.biz\/ca\/condicions-dus\/#breadcrumb"},"inLanguage":"ca","potentialAction":[{"@type":"ReadAction","target":["https:\/\/staging.bioplace.biz\/ca\/condicions-dus\/"]}]},{"@type":"BreadcrumbList","@id":"https:\/\/staging.bioplace.biz\/ca\/condicions-dus\/#breadcrumb","itemListElement":[{"@type":"ListItem","position":1,"name":"Casa","item":"https:\/\/staging.bioplace.biz\/ca\/"},{"@type":"ListItem","position":2,"name":"Condicions d&#8217;\u00fas"}]},{"@type":"WebSite","@id":"https:\/\/staging.bioplace.biz\/ca\/#website","url":"https:\/\/staging.bioplace.biz\/ca\/","name":"BioPlace","description":"Bioenergy Products\u00a0Marketplace","publisher":{"@id":"https:\/\/staging.bioplace.biz\/ca\/#organization"},"potentialAction":[{"@type":"SearchAction","target":{"@type":"EntryPoint","urlTemplate":"https:\/\/staging.bioplace.biz\/ca\/?s={search_term_string}"},"query-input":{"@type":"PropertyValueSpecification","valueRequired":true,"valueName":"search_term_string"}}],"inLanguage":"ca"},{"@type":"Organization","@id":"https:\/\/staging.bioplace.biz\/ca\/#organization","name":"BioPlace","url":"https:\/\/staging.bioplace.biz\/ca\/","logo":{"@type":"ImageObject","inLanguage":"ca","@id":"https:\/\/staging.bioplace.biz\/ca\/#\/schema\/logo\/image\/","url":"https:\/\/staging.bioplace.biz\/wp-content\/uploads\/2024\/09\/Logo-Biohome_1.webp","contentUrl":"https:\/\/staging.bioplace.biz\/wp-content\/uploads\/2024\/09\/Logo-Biohome_1.webp","width":435,"height":60,"caption":"BioPlace"},"image":{"@id":"https:\/\/staging.bioplace.biz\/ca\/#\/schema\/logo\/image\/"}}]}},"_links":{"self":[{"href":"https:\/\/staging.bioplace.biz\/ca\/wp-json\/wp\/v2\/pages\/3144","targetHints":{"allow":["GET"]}}],"collection":[{"href":"https:\/\/staging.bioplace.biz\/ca\/wp-json\/wp\/v2\/pages"}],"about":[{"href":"https:\/\/staging.bioplace.biz\/ca\/wp-json\/wp\/v2\/types\/page"}],"author":[{"embeddable":true,"href":"https:\/\/staging.bioplace.biz\/ca\/wp-json\/wp\/v2\/users\/1"}],"replies":[{"embeddable":true,"href":"https:\/\/staging.bioplace.biz\/ca\/wp-json\/wp\/v2\/comments?post=3144"}],"version-history":[{"count":0,"href":"https:\/\/staging.bioplace.biz\/ca\/wp-json\/wp\/v2\/pages\/3144\/revisions"}],"wp:attachment":[{"href":"https:\/\/staging.bioplace.biz\/ca\/wp-json\/wp\/v2\/media?parent=3144"}],"curies":[{"name":"wp","href":"https:\/\/api.w.org\/{rel}","templated":true}]}}